{"id":15,"date":"2025-11-02T11:05:22","date_gmt":"2025-11-02T11:05:22","guid":{"rendered":"https:\/\/psychotherapy-bloom.com\/?page_id=15"},"modified":"2025-11-23T11:12:47","modified_gmt":"2025-11-23T11:12:47","slug":"o-meni","status":"publish","type":"page","link":"https:\/\/psychotherapy-bloom.com\/en\/o-meni\/","title":{"rendered":"About Me"},"content":{"rendered":"<div class=\"wp-block-group has-global-padding is-layout-constrained wp-block-group-is-layout-constrained\">\n<div class=\"wp-block-columns is-style-default is-layout-flex wp-container-core-columns-is-layout-28f84493 wp-block-columns-is-layout-flex\">\n<div class=\"wp-block-column is-layout-flow wp-block-column-is-layout-flow\">\n<p class=\"has-text-align-left\">I believe that every person has their own path. My role is to be there for you as a support, companion, and interlocutor. The space I offer is calm, accepting, and non-judgmental. It doesn't matter what stage of life you are in. Here you can be exactly as you are, and together we will find ways to flourish.<\/p>\n<\/div>\n\n\n\n<div class=\"wp-block-column is-layout-flow wp-block-column-is-layout-flow\">\n<figure class=\"wp-block-image size-full has-custom-border\"><img loading=\"lazy\" decoding=\"async\" width=\"2560\" height=\"2064\" src=\"https:\/\/psychotherapy-bloom.com\/wp-content\/uploads\/2025\/11\/slika-prva-scaled.jpg\" alt=\"\" class=\"wp-image-152\" style=\"border-radius:24px\" srcset=\"https:\/\/psychotherapy-bloom.com\/wp-content\/uploads\/2025\/11\/slika-prva-scaled.jpg 2560w, https:\/\/psychotherapy-bloom.com\/wp-content\/uploads\/2025\/11\/slika-prva-300x242.jpg 300w, https:\/\/psychotherapy-bloom.com\/wp-content\/uploads\/2025\/11\/slika-prva-1024x826.jpg 1024w, https:\/\/psychotherapy-bloom.com\/wp-content\/uploads\/2025\/11\/slika-prva-768x619.jpg 768w, https:\/\/psychotherapy-bloom.com\/wp-content\/uploads\/2025\/11\/slika-prva-1536x1238.jpg 1536w, https:\/\/psychotherapy-bloom.com\/wp-content\/uploads\/2025\/11\/slika-prva-2048x1651.jpg 2048w, https:\/\/psychotherapy-bloom.com\/wp-content\/uploads\/2025\/11\/slika-prva-15x12.jpg 15w\" sizes=\"auto, (max-width: 2560px) 100vw, 2560px\" \/><\/figure>\n<\/div>\n<\/div>\n<\/div>\n\n\n\n<p>I am Maru\u0161a Triler, a psychodynamic psychotherapy specialist and a student of the Positive Health Coaching Master's degree at the Royal College of Surgeons in Ireland in Dublin. Working with people fulfills me, as it repeatedly confirms that in a safe relationship, we can discover the power for change and growth.<\/p>\n\n\n\n<p>Since I was a little girl, I have had a strong empathy that I couldn't channel for a long time. In high school, however, I developed a desire to become a psychotherapist. Since then, I have invested all my time, energy, and resources in this path.<\/p>\n\n\n\n<p>My journey to get here wasn't easy, but I see that as a gift today. The utmost moments teach us a great deal and show us the value of support. I myself still deal with hypothyroidism (an underactive thyroid), which has brought me many trials, but at the same time deepened my understanding of what it means to live with problems that others don't see.<\/p>\n\n\n\n<p>I believe that every person has their own potential and can develop it in their own unique way. I also deem that healing our wounds is a process that takes place slowly, over time, in a relationship, and with patience. I take everything related to psychotherapy and my work very personally. I believe that I have to be called and that I really have to feel that I can give something here. I work in both Slovenian and English, depending on the needs and wishes of the client. I currently practice psychotherapy and coaching <strong>online<\/strong>, because from January 2026 <strong>i will be located in Dublin<\/strong> Ireland. I work under the supervision and close collaboration of psychiatrist Ervin Strbad, which gives me valuable insight into the integration of psychotherapy and psychiatry.<\/p>\n\n\n\n<h2 class=\"wp-block-heading\">Educational and professional path<\/h2>\n\n\n\n<ul class=\"wp-block-list\">\n<li><em>Bachelor of Science in Psychotherapy Science<\/em>, Sigmund Freud University, Ljubljana<\/li>\n\n\n\n<li>Specialization in psychodynamic psychotherapy, <em>Institute for Psychodynamic Psychotherapy, Ljubljana<\/em> (ongoing)<\/li>\n\n\n\n<li><em>Master of Science in Positive Health Coaching<\/em>, Royal College of Surgeons in Ireland, Dublin (ongoing)<\/li>\n\n\n\n<li>More than 750 hours of psychosocial practice in various institutions<em>elementary schools, institutions, private practice of psychiatrist<\/em>)<\/li>\n\n\n\n<li>Multi-year involvement in individual psychotherapy with a certified psychodynamic psychotherapist<\/li>\n\n\n\n<li>Group psychotherapy within the framework of specialist education (<em>375 h<\/em>)<\/li>\n\n\n\n<li>I am a member of the EZPPS and adhere to the code of ethical principles of the psychotherapeutic community and the EAP guidelines.<\/li>\n<\/ul>\n\n\n\n<p><\/p>","protected":false},"excerpt":{"rendered":"<p>Verjamem, da ima vsak \u010dlovek svojo pot. Moja vloga je, da sem ob tebi na tvoji kot opora, spremljevalka in sogovornica. Prostor, ki ga ponujam, je miren, sprejemajo\u010d in brez sodb. Ni pomembno, v katerem obdobju \u017eivljenja si, tukaj si lahko to\u010dno taka\/tak kot si in skupaj bova iskali\/iskala poti k tvojemu razcvetu. Sem Maru\u0161a [&hellip;]<\/p>\n","protected":false},"author":1,"featured_media":0,"parent":0,"menu_order":0,"comment_status":"closed","ping_status":"closed","template":"","meta":{"footnotes":""},"class_list":["post-15","page","type-page","status-publish","hentry"],"_links":{"self":[{"href":"https:\/\/psychotherapy-bloom.com\/en\/wp-json\/wp\/v2\/pages\/15","targetHints":{"allow":["GET"]}}],"collection":[{"href":"https:\/\/psychotherapy-bloom.com\/en\/wp-json\/wp\/v2\/pages"}],"about":[{"href":"https:\/\/psychotherapy-bloom.com\/en\/wp-json\/wp\/v2\/types\/page"}],"author":[{"embeddable":true,"href":"https:\/\/psychotherapy-bloom.com\/en\/wp-json\/wp\/v2\/users\/1"}],"replies":[{"embeddable":true,"href":"https:\/\/psychotherapy-bloom.com\/en\/wp-json\/wp\/v2\/comments?post=15"}],"version-history":[{"count":6,"href":"https:\/\/psychotherapy-bloom.com\/en\/wp-json\/wp\/v2\/pages\/15\/revisions"}],"predecessor-version":[{"id":154,"href":"https:\/\/psychotherapy-bloom.com\/en\/wp-json\/wp\/v2\/pages\/15\/revisions\/154"}],"wp:attachment":[{"href":"https:\/\/psychotherapy-bloom.com\/en\/wp-json\/wp\/v2\/media?parent=15"}],"curies":[{"name":"wp","href":"https:\/\/api.w.org\/{rel}","templated":true}]}}