{"id":33,"date":"2025-11-02T11:36:37","date_gmt":"2025-11-02T11:36:37","guid":{"rendered":"https:\/\/psychotherapy-bloom.com\/?page_id=33"},"modified":"2025-11-25T18:31:14","modified_gmt":"2025-11-25T18:31:14","slug":"koticek-za-navdih-in-ucenje","status":"publish","type":"page","link":"https:\/\/psychotherapy-bloom.com\/en\/koticek-za-navdih-in-ucenje\/","title":{"rendered":"Corner for reflection and insights"},"content":{"rendered":"<div class=\"wp-block-columns is-layout-flex wp-container-core-columns-is-layout-28f84493 wp-block-columns-is-layout-flex\">\n<div class=\"wp-block-column is-layout-flow wp-block-column-is-layout-flow\">\n<figure class=\"wp-block-image size-full has-custom-border\"><img loading=\"lazy\" decoding=\"async\" width=\"1707\" height=\"2560\" src=\"https:\/\/psychotherapy-bloom.com\/wp-content\/uploads\/2025\/11\/slika-3-1-1-scaled.jpg\" alt=\"\" class=\"wp-image-159\" style=\"border-radius:20px\" srcset=\"https:\/\/psychotherapy-bloom.com\/wp-content\/uploads\/2025\/11\/slika-3-1-1-scaled.jpg 1707w, https:\/\/psychotherapy-bloom.com\/wp-content\/uploads\/2025\/11\/slika-3-1-1-200x300.jpg 200w, https:\/\/psychotherapy-bloom.com\/wp-content\/uploads\/2025\/11\/slika-3-1-1-683x1024.jpg 683w, https:\/\/psychotherapy-bloom.com\/wp-content\/uploads\/2025\/11\/slika-3-1-1-768x1152.jpg 768w\" sizes=\"auto, (max-width: 1707px) 100vw, 1707px\" \/><\/figure>\n<\/div>\n\n\n\n<div class=\"wp-block-column is-layout-flow wp-block-column-is-layout-flow\">\n<p>Here you will find notes, thoughts, inspiration, and professional content that I want to share with you.<br>A place where reflection, knowledge, and personal experience meet, all of which opens up space for understanding and growth.<\/p>\n<\/div>\n<\/div>\n\n\n\n<hr class=\"wp-block-separator has-alpha-channel-opacity\"\/>\n\n\n\n<p><\/p>","protected":false},"excerpt":{"rendered":"<p>Tukaj najde\u0161 zapise, misli, navdih in strokovne vsebine, ki jih \u017eelim deliti s tabo.Mesto, kjer se sre\u010dajo refleksija, znanje in osebna izku\u0161nja, vse tisto, kar odpira prostor za razumevanje in rast.<\/p>","protected":false},"author":1,"featured_media":0,"parent":0,"menu_order":0,"comment_status":"closed","ping_status":"closed","template":"","meta":{"footnotes":""},"class_list":["post-33","page","type-page","status-publish","hentry"],"_links":{"self":[{"href":"https:\/\/psychotherapy-bloom.com\/en\/wp-json\/wp\/v2\/pages\/33","targetHints":{"allow":["GET"]}}],"collection":[{"href":"https:\/\/psychotherapy-bloom.com\/en\/wp-json\/wp\/v2\/pages"}],"about":[{"href":"https:\/\/psychotherapy-bloom.com\/en\/wp-json\/wp\/v2\/types\/page"}],"author":[{"embeddable":true,"href":"https:\/\/psychotherapy-bloom.com\/en\/wp-json\/wp\/v2\/users\/1"}],"replies":[{"embeddable":true,"href":"https:\/\/psychotherapy-bloom.com\/en\/wp-json\/wp\/v2\/comments?post=33"}],"version-history":[{"count":6,"href":"https:\/\/psychotherapy-bloom.com\/en\/wp-json\/wp\/v2\/pages\/33\/revisions"}],"predecessor-version":[{"id":166,"href":"https:\/\/psychotherapy-bloom.com\/en\/wp-json\/wp\/v2\/pages\/33\/revisions\/166"}],"wp:attachment":[{"href":"https:\/\/psychotherapy-bloom.com\/en\/wp-json\/wp\/v2\/media?parent=33"}],"curies":[{"name":"wp","href":"https:\/\/api.w.org\/{rel}","templated":true}]}}