{"id":35,"date":"2025-11-02T11:36:54","date_gmt":"2025-11-02T11:36:54","guid":{"rendered":"https:\/\/psychotherapy-bloom.com\/?page_id=35"},"modified":"2025-11-02T12:10:14","modified_gmt":"2025-11-02T12:10:14","slug":"storitve-in-cenik","status":"publish","type":"page","link":"https:\/\/psychotherapy-bloom.com\/en\/storitve-in-cenik\/","title":{"rendered":"Services and fees"},"content":{"rendered":"<p><strong>Individual psychotherapy (online)<\/strong><br>for adults or adolescents<br><strong>Price:<\/strong> 60\u20ac \/ 50min<\/p>\n\n\n\n<hr class=\"wp-block-separator has-alpha-channel-opacity\"\/>\n\n\n\n<p><strong>Positive Health Coaching (online)<\/strong><br>a holistic approach to improving well-being, health and life balance<br><strong>Price:<\/strong> 70\u20ac \/ 50min<\/p>\n\n\n\n<hr class=\"wp-block-separator has-alpha-channel-opacity\"\/>\n\n\n\n<p><strong>Psychotherapy for companies<\/strong><br>individual or group psychotherapy support for employees<br><strong>Price negotiable<\/strong><\/p>\n\n\n\n<hr class=\"wp-block-separator has-alpha-channel-opacity\"\/>\n\n\n\n<p><strong>Team building for companies<\/strong><br>programs to promote interpersonal relationships, better understanding and inner balance in the work environment<br><strong>Price negotiable<\/strong><br><em>Note: the theme is adapted to each company based on its needs and goals<\/em><\/p>\n\n\n\n<hr class=\"wp-block-separator has-alpha-channel-opacity\"\/>\n\n\n\n<p><strong>Lectures, seminars and professional training<\/strong><br>psychotherapeutic or coaching content<br><strong>Price negotiable<\/strong><br><em>Note: the theme is adapted to each company based on its needs and goals<\/em><\/p>\n\n\n\n<hr class=\"wp-block-separator has-alpha-channel-opacity\"\/>\n\n\n\n<p><strong>Women's circles and retreats<\/strong><br>beginning summer 2026<br><strong>Price and dates will be announced later.<\/strong><\/p>\n\n\n\n<hr class=\"wp-block-separator has-alpha-channel-opacity\"\/>","protected":false},"excerpt":{"rendered":"<p>Individualna psihoterapija (online)za odrasle ali mladostnikeCena: 60 \u20ac \/ 50 minut Positive Health Coaching (online)celostni pristop za izbolj\u0161anje po\u010dutja, zdravja in \u017eivljenjskega ravnovesjaCena: 70 \u20ac \/ 50 minut Psihoterapija za podjetjaindividualna ali skupinska psihoterapevtska podpora zaposlenimCena po dogovoru Team building za podjetjaprogrami za spodbujanje medsebojnih odnosov, bolj\u0161ega razumevanja in notranjega ravnovesja v delovnem okoljuCena po [&hellip;]<\/p>\n","protected":false},"author":1,"featured_media":0,"parent":0,"menu_order":0,"comment_status":"closed","ping_status":"closed","template":"","meta":{"footnotes":""},"class_list":["post-35","page","type-page","status-publish","hentry"],"_links":{"self":[{"href":"https:\/\/psychotherapy-bloom.com\/en\/wp-json\/wp\/v2\/pages\/35","targetHints":{"allow":["GET"]}}],"collection":[{"href":"https:\/\/psychotherapy-bloom.com\/en\/wp-json\/wp\/v2\/pages"}],"about":[{"href":"https:\/\/psychotherapy-bloom.com\/en\/wp-json\/wp\/v2\/types\/page"}],"author":[{"embeddable":true,"href":"https:\/\/psychotherapy-bloom.com\/en\/wp-json\/wp\/v2\/users\/1"}],"replies":[{"embeddable":true,"href":"https:\/\/psychotherapy-bloom.com\/en\/wp-json\/wp\/v2\/comments?post=35"}],"version-history":[{"count":2,"href":"https:\/\/psychotherapy-bloom.com\/en\/wp-json\/wp\/v2\/pages\/35\/revisions"}],"predecessor-version":[{"id":65,"href":"https:\/\/psychotherapy-bloom.com\/en\/wp-json\/wp\/v2\/pages\/35\/revisions\/65"}],"wp:attachment":[{"href":"https:\/\/psychotherapy-bloom.com\/en\/wp-json\/wp\/v2\/media?parent=35"}],"curies":[{"name":"wp","href":"https:\/\/api.w.org\/{rel}","templated":true}]}}