{"id":43,"date":"2025-11-02T11:38:20","date_gmt":"2025-11-02T11:38:20","guid":{"rendered":"https:\/\/psychotherapy-bloom.com\/?page_id=43"},"modified":"2025-11-23T11:13:42","modified_gmt":"2025-11-23T11:13:42","slug":"positive-health-coaching-coaching-za-pozitivno-zdravje-online","status":"publish","type":"page","link":"https:\/\/psychotherapy-bloom.com\/en\/positive-health-coaching-coaching-za-pozitivno-zdravje-online\/","title":{"rendered":"Positive Health Coaching online"},"content":{"rendered":"<div class=\"wp-block-columns is-layout-flex wp-container-core-columns-is-layout-28f84493 wp-block-columns-is-layout-flex\">\n<div class=\"wp-block-column is-layout-flow wp-block-column-is-layout-flow\">\n<p class=\"has-lora-font-family\"><strong>Coaching is intended in particular for:<\/strong><br>\u2022 people who want to change and learn what good and positive health means<br>\u2022 individuals with chronic conditions and autoimmune diseases<br>\u2022 people with allergies and intolerances<br>\u2022 for those who want to better understand their body and gain more energy in everyday life<\/p>\n<\/div>\n\n\n\n<div class=\"wp-block-column is-layout-flow wp-block-column-is-layout-flow\">\n<figure class=\"wp-block-image size-full is-resized has-custom-border\"><img loading=\"lazy\" decoding=\"async\" width=\"1707\" height=\"2560\" src=\"https:\/\/psychotherapy-bloom.com\/wp-content\/uploads\/2025\/11\/slika-2-scaled.jpg\" alt=\"\" class=\"wp-image-155\" style=\"border-radius:20px;width:277px;height:auto\" srcset=\"https:\/\/psychotherapy-bloom.com\/wp-content\/uploads\/2025\/11\/slika-2-scaled.jpg 1707w, https:\/\/psychotherapy-bloom.com\/wp-content\/uploads\/2025\/11\/slika-2-200x300.jpg 200w, https:\/\/psychotherapy-bloom.com\/wp-content\/uploads\/2025\/11\/slika-2-683x1024.jpg 683w, https:\/\/psychotherapy-bloom.com\/wp-content\/uploads\/2025\/11\/slika-2-768x1152.jpg 768w, https:\/\/psychotherapy-bloom.com\/wp-content\/uploads\/2025\/11\/slika-2-1024x1536.jpg 1024w, https:\/\/psychotherapy-bloom.com\/wp-content\/uploads\/2025\/11\/slika-2-1365x2048.jpg 1365w, https:\/\/psychotherapy-bloom.com\/wp-content\/uploads\/2025\/11\/slika-2-8x12.jpg 8w\" sizes=\"auto, (max-width: 1707px) 100vw, 1707px\" \/><\/figure>\n<\/div>\n<\/div>\n\n\n\n<p class=\"has-lora-font-family\"><strong>Specific area of \u200b\u200bmy work:<\/strong><br>I am particularly dedicated to <strong>people with thyroid diseases<\/strong>, because I also have experience with <strong>hypothyroidism<\/strong>This prompted me to delve deeper into the functioning of the thyroid gland, as well as the impact of nutrition, exercise, and psychological factors. Through my own experience and knowledge, I have developed a holistic approach that helps individuals understand their bodies and gradually restore balance.<\/p>\n\n\n\n<p class=\"has-lora-font-family\"><strong>In coaching sessions we can focus on:<\/strong><br>\u2022 Developing healthy lifestyle habits and routines<br>\u2022 Support with diet and lifestyle changes<br>\u2022 Finding balance in chronic and autoimmune conditions<br>\u2022 Increasing energy and improving well-being<br>\u2022 Learning how to reduce stress and its impact on the body<br>\u2022 Understanding the connection between body, emotions and thoughts<br>\u2022 Strengthening self-confidence and confidence in one's own body<br>\u2022 Developing internal motivation for lasting change<\/p>","protected":false},"excerpt":{"rendered":"<p>Coaching je namenjen zlasti:\u2022 osebam, ki \u017eelijo spremeniti in se nau\u010diti, kaj pomeni dobro in pozitivno zdravje\u2022 posameznikom s kroni\u010dnimi obolenji in avtoimunimi boleznimi\u2022 ljudem z alergijami in intolerancami\u2022 tistim, ki \u017eelijo bolje razumeti svoje telo in pridobiti ve\u010d energije v vsakdanu Posebno podro\u010dje mojega dela:Posebej se posve\u010dam osebam z boleznimi \u0161\u010ditnice, saj imam tudi [&hellip;]<\/p>\n","protected":false},"author":1,"featured_media":0,"parent":0,"menu_order":0,"comment_status":"closed","ping_status":"closed","template":"","meta":{"footnotes":""},"class_list":["post-43","page","type-page","status-publish","hentry"],"_links":{"self":[{"href":"https:\/\/psychotherapy-bloom.com\/en\/wp-json\/wp\/v2\/pages\/43","targetHints":{"allow":["GET"]}}],"collection":[{"href":"https:\/\/psychotherapy-bloom.com\/en\/wp-json\/wp\/v2\/pages"}],"about":[{"href":"https:\/\/psychotherapy-bloom.com\/en\/wp-json\/wp\/v2\/types\/page"}],"author":[{"embeddable":true,"href":"https:\/\/psychotherapy-bloom.com\/en\/wp-json\/wp\/v2\/users\/1"}],"replies":[{"embeddable":true,"href":"https:\/\/psychotherapy-bloom.com\/en\/wp-json\/wp\/v2\/comments?post=43"}],"version-history":[{"count":5,"href":"https:\/\/psychotherapy-bloom.com\/en\/wp-json\/wp\/v2\/pages\/43\/revisions"}],"predecessor-version":[{"id":156,"href":"https:\/\/psychotherapy-bloom.com\/en\/wp-json\/wp\/v2\/pages\/43\/revisions\/156"}],"wp:attachment":[{"href":"https:\/\/psychotherapy-bloom.com\/en\/wp-json\/wp\/v2\/media?parent=43"}],"curies":[{"name":"wp","href":"https:\/\/api.w.org\/{rel}","templated":true}]}}